{"id":55574,"date":"2025-07-20T08:09:55","date_gmt":"2025-07-20T05:09:55","guid":{"rendered":"https:\/\/proswim.ee\/?post_type=product&#038;p=55574"},"modified":"2026-04-01T03:00:33","modified_gmt":"2026-04-01T00:00:33","slug":"arena-ninaklambrid","status":"publish","type":"product","link":"https:\/\/proswim.ee\/ru\/product\/arena-ninaklambrid\/","title":{"rendered":""},"content":{"rendered":"","protected":false},"excerpt":{"rendered":"<strong>Ujumiseks ja veespordiks m\u00f5eldud ninaklamber<\/strong>, mis kohandub kasutaja nina kujuga. <strong>Suured ninapadjad<\/strong> tagavad parema istuvuse ja p\u00fcsivad kindlalt paigal. <strong>Mugav kasutada ka pikema aja jooksul<\/strong>.\r\n\r\n<strong>\u041c\u0430\u0442\u0435\u0440\u0438\u0430\u043b:<\/strong> 60% nailon, 40% TPR (termoplastiline kumm)\r\n<strong>Pakendi m\u00f5\u00f5dud (1 tk blisterpakendis):<\/strong> 8 cm \u00d7 11,5 cm\r\n\r\nIdeaalne valik treeninguks, v\u00f5istlemiseks v\u00f5i veem\u00e4ngudeks \u2013 ninaklamber, mis p\u00fcsib ja ei h\u00e4iri.","protected":false},"author":1,"featured_media":55577,"template":"","meta":{"_acf_changed":false},"product_brand":[],"product_cat":[26,1564,132,236,228,1535],"product_tag":[1775],"class_list":{"0":"post-55574","1":"product","2":"type-product","3":"status-publish","4":"has-post-thumbnail","6":"product_cat-varustus","7":"product_cat-ujumistarvikud","8":"product_cat-ujumisvarustus","9":"product_cat-ujumisvarustus-treeningvahendid","10":"product_cat-treeningvarustus","11":"product_cat-arena","12":"product_tag-arena-ujumisvarustus","13":"pa_brand-arena","15":"first","16":"instock","17":"shipping-taxable","18":"purchasable","19":"product-type-simple"},"acf":[],"gallery_images":[55576,55575],"_links":{"self":[{"href":"https:\/\/proswim.ee\/ru\/wp-json\/wp\/v2\/product\/55574","targetHints":{"allow":["GET"]}}],"collection":[{"href":"https:\/\/proswim.ee\/ru\/wp-json\/wp\/v2\/product"}],"about":[{"href":"https:\/\/proswim.ee\/ru\/wp-json\/wp\/v2\/types\/product"}],"author":[{"embeddable":true,"href":"https:\/\/proswim.ee\/ru\/wp-json\/wp\/v2\/users\/1"}],"wp:featuredmedia":[{"embeddable":true,"href":"https:\/\/proswim.ee\/ru\/wp-json\/wp\/v2\/media\/55577"}],"wp:attachment":[{"href":"https:\/\/proswim.ee\/ru\/wp-json\/wp\/v2\/media?parent=55574"}],"wp:term":[{"taxonomy":"product_brand","embeddable":true,"href":"https:\/\/proswim.ee\/ru\/wp-json\/wp\/v2\/product_brand?post=55574"},{"taxonomy":"product_cat","embeddable":true,"href":"https:\/\/proswim.ee\/ru\/wp-json\/wp\/v2\/product_cat?post=55574"},{"taxonomy":"product_tag","embeddable":true,"href":"https:\/\/proswim.ee\/ru\/wp-json\/wp\/v2\/product_tag?post=55574"}],"curies":[{"name":"wp","href":"https:\/\/api.w.org\/{rel}","templated":true}]}}