{"id":36457,"date":"2022-03-08T13:49:12","date_gmt":"2022-03-08T11:49:12","guid":{"rendered":"https:\/\/proswim.ee\/toode\/arena-meeste-ujumispuksid-iconic-low-wait-sinine\/"},"modified":"2025-08-28T10:41:37","modified_gmt":"2025-08-28T07:41:37","slug":"arena-meeste-ujumispuksid-iconic-low-wait-sinine","status":"publish","type":"product","link":"https:\/\/proswim.ee\/ru\/product\/arena-meeste-ujumispuksid-iconic-low-wait-sinine\/","title":{"rendered":"Iconic Low Waist"},"content":{"rendered":"","protected":false},"excerpt":{"rendered":"Arena Iconic <strong>madala v\u00f6\u00f6kohaga<\/strong> sinised meeste ujumisp\u00fcksid on uuenduslikud, stiilsed ja<strong> \u00e4\u00e4rmiselt vastupidavad<\/strong>. Iconic ujumisp\u00fcksid on m\u00f5eldud neile, kes tihti ujuvad. Eksklusiivne Arena One tehnoloogia on loonud \u00fchest kangat\u00fckist uuenduslikud ja stiilsed ujumisp\u00fcksid. <strong>K\u00fclje\u00f5mbluste puudumine<\/strong> pakub t\u00e4iendavat <strong>\u0441\u0432\u043e\u0431\u043e\u0434\u0430 \u043f\u0435\u0440\u0435\u0434\u0432\u0438\u0436\u0435\u043d\u0438\u044f<\/strong>, v\u00e4hendab \u00f5hutakistust ja stressi kehale.\r\n\r\nMaterjal: Integreeritud UV-kaitsega UPF50+\u00a0 ja 100% kloorikindel MaxLife kangas (100% pol\u00fcester) on <strong>\u00fcli kiiresti kuivav<\/strong> \u0438 <strong>\u0434\u043e\u043b\u0433\u043e\u0432\u0435\u0447\u043d\u044b\u0439<\/strong>. Osaliselt vooderdatud esiosa pakub esmaklassilist <strong>kandmismugavust<\/strong>. Ujumisp\u00fckstel on reguleeritav sisemine pingutusn\u00f6\u00f6r suurep\u00e4rase sobivuse tagamiseks. Nende Arena ujumisp\u00fckste k\u00f5rgus on umbes 17 cm.","protected":false},"author":1,"featured_media":39994,"template":"","meta":{"_acf_changed":false},"product_brand":[],"product_cat":[39,1535,19,1522,41,317],"product_tag":[1758],"class_list":{"0":"post-36457","1":"product","2":"type-product","3":"status-publish","4":"has-post-thumbnail","6":"product_cat-ujumine-mehed","7":"product_cat-arena","8":"product_cat-mehed","9":"product_cat-ujumispuksid","10":"product_cat-treeningpuksid","11":"product_cat-vaba-aeg-mehed","12":"product_tag-arena-meeste-ujumispuksid","13":"pa_brand-arena","14":"pa_size-f70","15":"pa_size-f75","16":"pa_size-f80","17":"pa_size-f85","18":"pa_size-f90","20":"first","21":"instock","22":"shipping-taxable","23":"purchasable","24":"product-type-variable"},"acf":[],"gallery_images":[39995,39996,36460,36462,36458,36459,36461],"_links":{"self":[{"href":"https:\/\/proswim.ee\/ru\/wp-json\/wp\/v2\/product\/36457","targetHints":{"allow":["GET"]}}],"collection":[{"href":"https:\/\/proswim.ee\/ru\/wp-json\/wp\/v2\/product"}],"about":[{"href":"https:\/\/proswim.ee\/ru\/wp-json\/wp\/v2\/types\/product"}],"author":[{"embeddable":true,"href":"https:\/\/proswim.ee\/ru\/wp-json\/wp\/v2\/users\/1"}],"wp:featuredmedia":[{"embeddable":true,"href":"https:\/\/proswim.ee\/ru\/wp-json\/wp\/v2\/media\/39994"}],"wp:attachment":[{"href":"https:\/\/proswim.ee\/ru\/wp-json\/wp\/v2\/media?parent=36457"}],"wp:term":[{"taxonomy":"product_brand","embeddable":true,"href":"https:\/\/proswim.ee\/ru\/wp-json\/wp\/v2\/product_brand?post=36457"},{"taxonomy":"product_cat","embeddable":true,"href":"https:\/\/proswim.ee\/ru\/wp-json\/wp\/v2\/product_cat?post=36457"},{"taxonomy":"product_tag","embeddable":true,"href":"https:\/\/proswim.ee\/ru\/wp-json\/wp\/v2\/product_tag?post=36457"}],"curies":[{"name":"wp","href":"https:\/\/api.w.org\/{rel}","templated":true}]}}