{"id":28846,"date":"2021-04-13T21:32:11","date_gmt":"2021-04-13T18:32:11","guid":{"rendered":"https:\/\/proswim.ee\/?post_type=product&#038;p=28846"},"modified":"2025-08-26T12:16:40","modified_gmt":"2025-08-26T09:16:40","slug":"arena-naiste-trikoo-passport","status":"publish","type":"product","link":"https:\/\/proswim.ee\/ru\/product\/arena-naiste-trikoo-passport\/","title":{"rendered":""},"content":{"rendered":"","protected":false},"excerpt":{"rendered":"Naiste v\u00e4rvilise tr\u00fckiga ujumistrikoo. Trikoo seljaosa annab kehale suurep\u00e4rase liikumisruumi. Trikoo esik\u00fcljel on \u00f5huke voodririie.\r\n\r\nMaterjal on turu tugevaim <strong>\u0443\u0441\u0442\u043e\u0439\u0447\u0438\u0432\u044b\u0439 \u043a \u0445\u043b\u043e\u0440\u0443<\/strong> \u0422\u043a\u0430\u043d\u044c Arena MaxLife (54% PBT \/ 46% \u043f\u043e\u043b\u0438\u044d\u0441\u0442\u0435\u0440)","protected":false},"author":501,"featured_media":28864,"template":"","meta":{"_acf_changed":false},"product_brand":[],"product_cat":[179,1535,20,176,323],"product_tag":[1766],"class_list":{"0":"post-28846","1":"product","2":"type-product","3":"status-publish","4":"has-post-thumbnail","6":"product_cat-ujumistrikood","7":"product_cat-arena","8":"product_cat-naised","9":"product_cat-ujumine","10":"product_cat-naiste-vabaaaja-riided","11":"product_tag-arena-naiste-ujumistrikood","12":"pa_brand-arena","13":"pa_size-188","14":"pa_size-185","15":"pa_size-186","17":"first","18":"outofstock","19":"shipping-taxable","20":"product-type-variable"},"acf":[],"gallery_images":[28867,28870,28873],"_links":{"self":[{"href":"https:\/\/proswim.ee\/ru\/wp-json\/wp\/v2\/product\/28846","targetHints":{"allow":["GET"]}}],"collection":[{"href":"https:\/\/proswim.ee\/ru\/wp-json\/wp\/v2\/product"}],"about":[{"href":"https:\/\/proswim.ee\/ru\/wp-json\/wp\/v2\/types\/product"}],"author":[{"embeddable":true,"href":"https:\/\/proswim.ee\/ru\/wp-json\/wp\/v2\/users\/501"}],"wp:featuredmedia":[{"embeddable":true,"href":"https:\/\/proswim.ee\/ru\/wp-json\/wp\/v2\/media\/28864"}],"wp:attachment":[{"href":"https:\/\/proswim.ee\/ru\/wp-json\/wp\/v2\/media?parent=28846"}],"wp:term":[{"taxonomy":"product_brand","embeddable":true,"href":"https:\/\/proswim.ee\/ru\/wp-json\/wp\/v2\/product_brand?post=28846"},{"taxonomy":"product_cat","embeddable":true,"href":"https:\/\/proswim.ee\/ru\/wp-json\/wp\/v2\/product_cat?post=28846"},{"taxonomy":"product_tag","embeddable":true,"href":"https:\/\/proswim.ee\/ru\/wp-json\/wp\/v2\/product_tag?post=28846"}],"curies":[{"name":"wp","href":"https:\/\/api.w.org\/{rel}","templated":true}]}}