{"id":43357,"date":"2023-01-25T13:05:41","date_gmt":"2023-01-25T11:05:41","guid":{"rendered":"https:\/\/proswim.ee\/?post_type=product&#038;p=43357"},"modified":"2025-08-26T12:17:07","modified_gmt":"2025-08-26T09:17:07","slug":"arena-tudrukute-voistlustrikoo-powerskin-st-next-turkiis","status":"publish","type":"product","link":"https:\/\/proswim.ee\/lv\/products\/arena-tudrukute-voistlustrikoo-powerskin-st-next-turkiis\/","title":{"rendered":"Ob Powerskin ST Next"},"content":{"rendered":"","protected":false},"excerpt":{"rendered":"See t\u00fcdrukute Powerskin ST Next trikoo on esimesed v\u00f5istlustrikoo, mis on valmistatud taaskasutatud kangastest. Silmapaistva sinise mustriga uus kangas on oluliselt kergem, kiirem ja pakub nii pikemaajalist kompressiooni kehale. Ergonoomiline l\u00f5ige ja madala profiiliga \u00f5mblused toetavad ujuja tervet keha just nii, et oleks lihtsam hoida \u00f5iget kehaasendit, on t\u00e4iuslikult sobiv ja tagab silmapaistva liikumisvabaduse vees.\r\n\r\nLahtise seljaga trikoo on ideaalne ujujale kes v\u00e4\u00e4rtustab maksimaalset vee tunnetust ja liikumisvabadust\r\n\r\nMadala kompressiooniga toode sobib h\u00e4sti esimeseks v\u00f5istlustrikooks nii sprindi distantsideks kui ka pikemateks distantsideks","protected":false},"author":2,"featured_media":43366,"template":"","meta":{"_acf_changed":false},"product_brand":[],"product_cat":[],"product_tag":[1801],"class_list":{"0":"post-43357","1":"product","2":"type-product","3":"status-publish","4":"has-post-thumbnail","6":"product_tag-arena-laste-voistlusriided","7":"pa_brand-arena","8":"pa_size-10-11","9":"pa_size-12-13","11":"first","12":"outofstock","13":"shipping-taxable","14":"product-type-variable"},"acf":[],"gallery_images":[43369,43368,43367,43365,43360,43361,43364,43363,43362],"_links":{"self":[{"href":"https:\/\/proswim.ee\/lv\/wp-json\/wp\/v2\/product\/43357","targetHints":{"allow":["GET"]}}],"collection":[{"href":"https:\/\/proswim.ee\/lv\/wp-json\/wp\/v2\/product"}],"about":[{"href":"https:\/\/proswim.ee\/lv\/wp-json\/wp\/v2\/types\/product"}],"author":[{"embeddable":true,"href":"https:\/\/proswim.ee\/lv\/wp-json\/wp\/v2\/users\/2"}],"wp:featuredmedia":[{"embeddable":true,"href":"https:\/\/proswim.ee\/lv\/wp-json\/wp\/v2\/media\/43366"}],"wp:attachment":[{"href":"https:\/\/proswim.ee\/lv\/wp-json\/wp\/v2\/media?parent=43357"}],"wp:term":[{"taxonomy":"product_brand","embeddable":true,"href":"https:\/\/proswim.ee\/lv\/wp-json\/wp\/v2\/product_brand?post=43357"},{"taxonomy":"product_cat","embeddable":true,"href":"https:\/\/proswim.ee\/lv\/wp-json\/wp\/v2\/product_cat?post=43357"},{"taxonomy":"product_tag","embeddable":true,"href":"https:\/\/proswim.ee\/lv\/wp-json\/wp\/v2\/product_tag?post=43357"}],"curies":[{"name":"wp","href":"https:\/\/api.w.org\/{rel}","templated":true}]}}