{"id":43277,"date":"2023-01-25T12:29:35","date_gmt":"2023-01-25T10:29:35","guid":{"rendered":"https:\/\/proswim.ee\/?post_type=product&#038;p=43277"},"modified":"2026-01-30T14:33:07","modified_gmt":"2026-01-30T12:33:07","slug":"arena-meeste-voistluspuksid-powerskin-st-next-jammer-sinine","status":"publish","type":"product","link":"https:\/\/proswim.ee\/lv\/products\/arena-meeste-voistluspuksid-powerskin-st-next-jammer-sinine\/","title":{"rendered":"Powerskin ST Next"},"content":{"rendered":"","protected":false},"excerpt":{"rendered":"Meeste Powerskin ST Next Jammer on esimesed FINA poolt heaks kiidetud v\u00f5istlusp\u00fcksid, mis on valmistatud taaskasutatud kangastest. Uus kangas on oluliselt kergem, kiirem ja pakub nii pikemaajalist kompressiooni kehale. Ergonoomiline l\u00f5ige ja madala profiiliga \u00f5mblused toetavad ujuja puusi ja reisi nii, et oleks lihtsam hoida \u00f5iget kehaasendit, on t\u00e4iuslikult sobivad ja tagavad silmapaistva liikumisvabaduse vees. Madala kompressiooniga toode sobib h\u00e4sti esimeseks v\u00f5istlusp\u00fcksiks, avavee ujumiseks v\u00f5i masters-ujujale.\r\n\r\n&nbsp;","protected":false},"author":2,"featured_media":43291,"template":"","meta":{"_acf_changed":false},"product_brand":[],"product_cat":[21,19,173],"product_tag":[1755],"class_list":{"0":"post-43277","1":"product","2":"type-product","3":"status-publish","4":"has-post-thumbnail","6":"product_cat-voistlus-voistluspuksid","7":"product_cat-mehed","8":"product_cat-voistlus-mehed","9":"product_tag-arena-meeste-voistluspuksid","10":"pa_brand-arena","11":"pa_size-f55","12":"pa_size-f60","13":"pa_size-f65","14":"pa_size-f70","15":"pa_size-f75","17":"first","18":"outofstock","19":"shipping-taxable","20":"product-type-variable"},"acf":[],"gallery_images":[43290,43289,43286,43280,43281,43285,43283,43282,43287],"_links":{"self":[{"href":"https:\/\/proswim.ee\/lv\/wp-json\/wp\/v2\/product\/43277","targetHints":{"allow":["GET"]}}],"collection":[{"href":"https:\/\/proswim.ee\/lv\/wp-json\/wp\/v2\/product"}],"about":[{"href":"https:\/\/proswim.ee\/lv\/wp-json\/wp\/v2\/types\/product"}],"author":[{"embeddable":true,"href":"https:\/\/proswim.ee\/lv\/wp-json\/wp\/v2\/users\/2"}],"wp:featuredmedia":[{"embeddable":true,"href":"https:\/\/proswim.ee\/lv\/wp-json\/wp\/v2\/media\/43291"}],"wp:attachment":[{"href":"https:\/\/proswim.ee\/lv\/wp-json\/wp\/v2\/media?parent=43277"}],"wp:term":[{"taxonomy":"product_brand","embeddable":true,"href":"https:\/\/proswim.ee\/lv\/wp-json\/wp\/v2\/product_brand?post=43277"},{"taxonomy":"product_cat","embeddable":true,"href":"https:\/\/proswim.ee\/lv\/wp-json\/wp\/v2\/product_cat?post=43277"},{"taxonomy":"product_tag","embeddable":true,"href":"https:\/\/proswim.ee\/lv\/wp-json\/wp\/v2\/product_tag?post=43277"}],"curies":[{"name":"wp","href":"https:\/\/api.w.org\/{rel}","templated":true}]}}