{"id":19346,"date":"2020-12-09T17:18:34","date_gmt":"2020-12-09T15:18:34","guid":{"rendered":"https:\/\/proswim.ee\/?post_type=product&#038;p=19346"},"modified":"2025-08-28T10:41:33","modified_gmt":"2025-08-28T07:41:33","slug":"arena-meeste-ujumispuksid-luckystar-s","status":"publish","type":"product","link":"https:\/\/proswim.ee\/lv\/products\/arena-meeste-ujumispuksid-luckystar-s\/","title":{"rendered":"Luckystar"},"content":{"rendered":"","protected":false},"excerpt":{"rendered":"<p id=\"tw-target-text\" class=\"tw-data-text tw-text-large XcVN5d tw-ta\" dir=\"ltr\" data-placeholder=\"Translation\"><span lang=\"et\">Uus revolutsiooniline ujumisriiete tootmistehnoloogia Arena ONE. Ujumisp\u00fcksid on valmistatud \u00fchest riidest, v\u00f5imalikult v\u00e4heste \u00f5mblustega. Suurep\u00e4rane sobivus ja mugavus.<\/span><\/p>\r\n<p id=\"tw-target-text\" class=\"tw-data-text tw-text-large XcVN5d tw-ta\" dir=\"ltr\" data-placeholder=\"Translation\"><span lang=\"et\">Materjal on turul k\u00f5ige tugevam kloorikindel Arena MaxLife (54% PBT \/ 46% pol\u00fcestrit).<\/span><\/p>\r\n<p dir=\"ltr\" data-placeholder=\"Translation\"><span lang=\"et\">K\u00fclje\u00f5mblus 27 cm. <\/span><\/p>","protected":false},"author":1094,"featured_media":19347,"template":"","meta":{"_acf_changed":false},"product_brand":[],"product_cat":[19,1535,39,41],"product_tag":[1758],"class_list":{"0":"post-19346","1":"product","2":"type-product","3":"status-publish","4":"has-post-thumbnail","6":"product_cat-mehed","7":"product_cat-arena","8":"product_cat-ujumine-mehed","9":"product_cat-treeningpuksid","10":"product_tag-arena-meeste-ujumispuksid","11":"pa_brand-arena","12":"pa_size-f100","13":"pa_size-f105","14":"pa_size-f110","15":"pa_size-f75","16":"pa_size-f80","17":"pa_size-f85","19":"first","20":"instock","21":"shipping-taxable","22":"purchasable","23":"product-type-variable"},"acf":[],"gallery_images":[19350,19353,19356],"_links":{"self":[{"href":"https:\/\/proswim.ee\/lv\/wp-json\/wp\/v2\/product\/19346","targetHints":{"allow":["GET"]}}],"collection":[{"href":"https:\/\/proswim.ee\/lv\/wp-json\/wp\/v2\/product"}],"about":[{"href":"https:\/\/proswim.ee\/lv\/wp-json\/wp\/v2\/types\/product"}],"author":[{"embeddable":true,"href":"https:\/\/proswim.ee\/lv\/wp-json\/wp\/v2\/users\/1094"}],"wp:featuredmedia":[{"embeddable":true,"href":"https:\/\/proswim.ee\/lv\/wp-json\/wp\/v2\/media\/19347"}],"wp:attachment":[{"href":"https:\/\/proswim.ee\/lv\/wp-json\/wp\/v2\/media?parent=19346"}],"wp:term":[{"taxonomy":"product_brand","embeddable":true,"href":"https:\/\/proswim.ee\/lv\/wp-json\/wp\/v2\/product_brand?post=19346"},{"taxonomy":"product_cat","embeddable":true,"href":"https:\/\/proswim.ee\/lv\/wp-json\/wp\/v2\/product_cat?post=19346"},{"taxonomy":"product_tag","embeddable":true,"href":"https:\/\/proswim.ee\/lv\/wp-json\/wp\/v2\/product_tag?post=19346"}],"curies":[{"name":"wp","href":"https:\/\/api.w.org\/{rel}","templated":true}]}}