{"id":56510,"date":"2025-08-04T15:10:56","date_gmt":"2025-08-04T12:10:56","guid":{"rendered":"https:\/\/proswim.ee\/?post_type=product&#038;p=56510"},"modified":"2025-09-12T03:00:33","modified_gmt":"2025-09-12T00:00:33","slug":"aquawave-harma-jr","status":"publish","type":"product","link":"https:\/\/proswim.ee\/en\/product\/aquawave-harma-jr\/","title":{"rendered":"Harma"},"content":{"rendered":"","protected":false},"excerpt":{"rendered":"<h3 data-start=\"104\" data-end=\"189\"><strong data-start=\"108\" data-end=\"189\">AQUAWAVE HARMA JR laste ujumistrikoo \u2013 mugavus, liikumisvabadus ja stiil \u00fches<\/strong><\/h3>\r\n<p data-start=\"191\" data-end=\"463\"><strong data-start=\"191\" data-end=\"203\">HARMA JR<\/strong> on \u00fches t\u00fckis t\u00fcdrukute ujumistrikoo, mis on loodud aktiivsetele lastele. See sobib suurep\u00e4raselt ujumiseks basseinis v\u00f5i suvep\u00e4evadeks rannas. Trikoo on valmistatud s\u00fcnteetilistest materjalidest, mis on eriti <strong data-start=\"414\" data-end=\"439\">vastupidavad kloorile<\/strong> ja kuivavad kiiresti.<\/p>\r\n<p data-start=\"465\" data-end=\"663\">Elastne kangas j\u00e4rgib keha liikumisi, pakkudes lapsele maksimaalset mugavust ja vabadust vees. <strong data-start=\"560\" data-end=\"604\">Erksav\u00e4rvilised risti jooksvad \u00f5lapaelad<\/strong> lisavad m\u00e4ngulisust ning muudavad trikoo silmapaistvaks.<\/p>\r\n\r\n\r\n<hr data-start=\"665\" data-end=\"668\" \/>\r\n\r\n<h3 data-start=\"670\" data-end=\"693\"><strong data-start=\"674\" data-end=\"693\">Toote omadused:<\/strong><\/h3>\r\n<ul data-start=\"695\" data-end=\"968\">\r\n \t<li data-start=\"695\" data-end=\"768\">\r\n<p data-start=\"697\" data-end=\"768\">\ud83c\udfa8 <strong data-start=\"700\" data-end=\"722\">V\u00e4rvilised rihmad:<\/strong> Ristuvad seljal ja pakuvad kindlat hoidvust<\/p>\r\n<\/li>\r\n \t<li data-start=\"769\" data-end=\"839\">\r\n<p data-start=\"771\" data-end=\"839\">\ud83e\ude71 <strong data-start=\"774\" data-end=\"802\">Liibuv ja elastne l\u00f5ige:<\/strong> Mugav liikumine vees ja v\u00e4ljaspool<\/p>\r\n<\/li>\r\n \t<li data-start=\"840\" data-end=\"917\">\r\n<p data-start=\"842\" data-end=\"917\">\ud83d\udee1\ufe0f <strong data-start=\"846\" data-end=\"872\">Kloorikindel materjal:<\/strong> Ideaalne sagedaseks kasutamiseks basseinis<\/p>\r\n<\/li>\r\n \t<li data-start=\"918\" data-end=\"968\">\r\n<p data-start=\"920\" data-end=\"968\">\ud83c\udf1f <strong data-start=\"923\" data-end=\"943\">Diskreetne logo:<\/strong> Lisab sportliku stiili<\/p>\r\n<\/li>\r\n<\/ul>\r\n\r\n<hr data-start=\"970\" data-end=\"973\" \/>\r\n\r\n<h3 data-start=\"975\" data-end=\"994\"><strong data-start=\"979\" data-end=\"994\">Materials:<\/strong><\/h3>\r\n<ul data-start=\"996\" data-end=\"1076\">\r\n \t<li data-start=\"996\" data-end=\"1045\">\r\n<p data-start=\"998\" data-end=\"1045\"><strong data-start=\"998\" data-end=\"1018\">V\u00e4limine kangas:<\/strong> 80% nailon, 20% elastaan<\/p>\r\n<\/li>\r\n \t<li data-start=\"1046\" data-end=\"1076\">\r\n<p data-start=\"1048\" data-end=\"1076\"><strong data-start=\"1048\" data-end=\"1059\">Vooder:<\/strong> 100% pol\u00fcester<\/p>\r\n<\/li>\r\n<\/ul>\r\n\r\n<hr data-start=\"1078\" data-end=\"1081\" \/>\r\n<p data-start=\"1083\" data-end=\"1163\" data-is-last-node=\"\" data-is-only-node=\"\"><strong data-start=\"1083\" data-end=\"1163\" data-is-last-node=\"\">AQUAWAVE HARMA JR on praktiline ja stiilne valik igale v\u00e4ikesele vees\u00f5brale!<\/strong><\/p>","protected":false},"author":1,"featured_media":56517,"template":"","meta":{"_acf_changed":false},"product_brand":[],"product_cat":[24,210,141],"product_tag":[1795],"class_list":{"0":"post-56510","1":"product","2":"type-product","3":"status-publish","4":"has-post-thumbnail","6":"product_cat-lapsed","7":"product_cat-trikood","8":"product_cat-tudrukud","9":"product_tag-aquawave-tudrukute-ujumistrikood","10":"pa_brand-aquawave","11":"pa_size-285","12":"pa_size-286","13":"pa_size-287","14":"pa_size-288","16":"first","17":"instock","18":"shipping-taxable","19":"purchasable","20":"product-type-variable"},"acf":[],"gallery_images":[56516,56519,56518],"_links":{"self":[{"href":"https:\/\/proswim.ee\/en\/wp-json\/wp\/v2\/product\/56510","targetHints":{"allow":["GET"]}}],"collection":[{"href":"https:\/\/proswim.ee\/en\/wp-json\/wp\/v2\/product"}],"about":[{"href":"https:\/\/proswim.ee\/en\/wp-json\/wp\/v2\/types\/product"}],"author":[{"embeddable":true,"href":"https:\/\/proswim.ee\/en\/wp-json\/wp\/v2\/users\/1"}],"wp:featuredmedia":[{"embeddable":true,"href":"https:\/\/proswim.ee\/en\/wp-json\/wp\/v2\/media\/56517"}],"wp:attachment":[{"href":"https:\/\/proswim.ee\/en\/wp-json\/wp\/v2\/media?parent=56510"}],"wp:term":[{"taxonomy":"product_brand","embeddable":true,"href":"https:\/\/proswim.ee\/en\/wp-json\/wp\/v2\/product_brand?post=56510"},{"taxonomy":"product_cat","embeddable":true,"href":"https:\/\/proswim.ee\/en\/wp-json\/wp\/v2\/product_cat?post=56510"},{"taxonomy":"product_tag","embeddable":true,"href":"https:\/\/proswim.ee\/en\/wp-json\/wp\/v2\/product_tag?post=56510"}],"curies":[{"name":"wp","href":"https:\/\/api.w.org\/{rel}","templated":true}]}}