{"id":48338,"date":"2024-02-22T12:29:32","date_gmt":"2024-02-22T10:29:32","guid":{"rendered":"https:\/\/proswim.ee\/?post_type=product&#038;p=48338"},"modified":"2025-11-04T13:43:32","modified_gmt":"2025-11-04T11:43:32","slug":"arena-icons-unisex-t-sark-sage-delav-oliiviroheline","status":"publish","type":"product","link":"https:\/\/proswim.ee\/en\/product\/arena-icons-unisex-t-sark-sage-delav-oliiviroheline\/","title":{"rendered":"Icons Unisex  Sage Delav"},"content":{"rendered":"","protected":false},"excerpt":{"rendered":"Me esitleme Arena Icons T-Shirt Sage Delave&#8217;i, mis on ideaalne valik inimestele, kes otsivad stiilset ja mugavat spordiriietust. Valmistatud kvaliteetsetest materjalidest, t\u00e4nu millele tagab see T-s\u00e4rk suurep\u00e4rase kandmismugavuse.\r\nIcons T-s\u00e4rk on m\u00f5eldud k\u00f5igile aktiivsetele inimestele. Ideaalne sobivus treeninguks, jooksmiseks ja igap\u00e4evasteks v\u00e4litegevusteks.\r\n\r\n100% Puuvill.","protected":false},"author":2,"featured_media":48354,"template":"","meta":{"_acf_changed":false},"product_brand":[],"product_cat":[19,325,1591,20,320,323,317],"product_tag":[1785],"class_list":{"0":"post-48338","1":"product","2":"type-product","3":"status-publish","4":"has-post-thumbnail","6":"product_cat-mehed","7":"product_cat-naiste-pusad","8":"product_cat-kampaania","9":"product_cat-naised","10":"product_cat-t-sargid-meestele","11":"product_cat-naiste-vabaaaja-riided","12":"product_cat-vaba-aeg-mehed","13":"product_tag-arena-meeste-naiste-tekstiil-uus","14":"pa_brand-arena","15":"pa_size-l","16":"pa_size-m","17":"pa_size-s","18":"pa_size-xl","19":"pa_size-xxl","21":"first","22":"instock","23":"sale","24":"shipping-taxable","25":"purchasable","26":"product-type-variable"},"acf":[],"gallery_images":[48353,48351,48352,48350,48344,48348,48345,48349,48346,48347],"_links":{"self":[{"href":"https:\/\/proswim.ee\/en\/wp-json\/wp\/v2\/product\/48338","targetHints":{"allow":["GET"]}}],"collection":[{"href":"https:\/\/proswim.ee\/en\/wp-json\/wp\/v2\/product"}],"about":[{"href":"https:\/\/proswim.ee\/en\/wp-json\/wp\/v2\/types\/product"}],"author":[{"embeddable":true,"href":"https:\/\/proswim.ee\/en\/wp-json\/wp\/v2\/users\/2"}],"wp:featuredmedia":[{"embeddable":true,"href":"https:\/\/proswim.ee\/en\/wp-json\/wp\/v2\/media\/48354"}],"wp:attachment":[{"href":"https:\/\/proswim.ee\/en\/wp-json\/wp\/v2\/media?parent=48338"}],"wp:term":[{"taxonomy":"product_brand","embeddable":true,"href":"https:\/\/proswim.ee\/en\/wp-json\/wp\/v2\/product_brand?post=48338"},{"taxonomy":"product_cat","embeddable":true,"href":"https:\/\/proswim.ee\/en\/wp-json\/wp\/v2\/product_cat?post=48338"},{"taxonomy":"product_tag","embeddable":true,"href":"https:\/\/proswim.ee\/en\/wp-json\/wp\/v2\/product_tag?post=48338"}],"curies":[{"name":"wp","href":"https:\/\/api.w.org\/{rel}","templated":true}]}}