{"id":44067,"date":"2023-03-09T10:44:23","date_gmt":"2023-03-09T08:44:23","guid":{"rendered":"https:\/\/proswim.ee\/?post_type=product&#038;p=44067"},"modified":"2025-08-26T12:17:09","modified_gmt":"2025-08-26T09:17:09","slug":"arena-icons-poncho-hall","status":"publish","type":"product","link":"https:\/\/proswim.ee\/en\/product\/arena-icons-poncho-hall\/","title":{"rendered":"Icons Unisex Poncho"},"content":{"rendered":"","protected":false},"excerpt":{"rendered":"Suure Arena logoga poncho on ideaalne kaaslane nii rannas, basseini \u00e4\u00e4res kui ka n\u00e4iteks taliujumise j\u00e4rgselt. Poncho on tehtud kergest frotee materjalist, ponchol on kapuuts ja see on alati praktiline lahendus riiete vahetamiseks avalikus kohas.\r\n\r\nPoncho n\u00e4eb v\u00e4lja minimalistlik ja sportlik ning sellel on k\u00e4ep\u00e4rased taskud varustuse v\u00f5i m\u00e4rja ujumistrikoo turvaliseks hoidmiseks.\r\n\r\nMaterjal: 100% puuvill","protected":false},"author":2,"featured_media":45331,"template":"","meta":{"_acf_changed":false},"product_brand":[],"product_cat":[1554,19,20,1552,1553,197,132,317,323,26],"product_tag":[1783],"class_list":{"0":"post-44067","1":"product","2":"type-product","3":"status-publish","4":"has-post-thumbnail","6":"product_cat-kingi-ideed-ujujatele","7":"product_cat-mehed","8":"product_cat-naised","9":"product_cat-ponchod","10":"product_cat-ponchod-naiste-vabaaaja-riided","11":"product_cat-ratikud","12":"product_cat-ujumisvarustus","13":"product_cat-vaba-aeg-mehed","14":"product_cat-naiste-vabaaaja-riided","15":"product_cat-varustus","16":"product_tag-arena-hommikumantlid","17":"pa_brand-arena","18":"pa_size-l","19":"pa_size-m","21":"first","22":"outofstock","23":"shipping-taxable","24":"product-type-variable"},"acf":[],"gallery_images":[44075,44073,44074,44071,44072,44070],"_links":{"self":[{"href":"https:\/\/proswim.ee\/en\/wp-json\/wp\/v2\/product\/44067","targetHints":{"allow":["GET"]}}],"collection":[{"href":"https:\/\/proswim.ee\/en\/wp-json\/wp\/v2\/product"}],"about":[{"href":"https:\/\/proswim.ee\/en\/wp-json\/wp\/v2\/types\/product"}],"author":[{"embeddable":true,"href":"https:\/\/proswim.ee\/en\/wp-json\/wp\/v2\/users\/2"}],"wp:featuredmedia":[{"embeddable":true,"href":"https:\/\/proswim.ee\/en\/wp-json\/wp\/v2\/media\/45331"}],"wp:attachment":[{"href":"https:\/\/proswim.ee\/en\/wp-json\/wp\/v2\/media?parent=44067"}],"wp:term":[{"taxonomy":"product_brand","embeddable":true,"href":"https:\/\/proswim.ee\/en\/wp-json\/wp\/v2\/product_brand?post=44067"},{"taxonomy":"product_cat","embeddable":true,"href":"https:\/\/proswim.ee\/en\/wp-json\/wp\/v2\/product_cat?post=44067"},{"taxonomy":"product_tag","embeddable":true,"href":"https:\/\/proswim.ee\/en\/wp-json\/wp\/v2\/product_tag?post=44067"}],"curies":[{"name":"wp","href":"https:\/\/api.w.org\/{rel}","templated":true}]}}